{"id":1026,"date":"2022-02-11T06:16:29","date_gmt":"2022-02-11T05:16:29","guid":{"rendered":"https:\/\/www.partschillerhof.it\/unser-hof\/unsere-zufriedenheit-copy\/"},"modified":"2022-03-07T21:29:02","modified_gmt":"2022-03-07T20:29:02","slug":"la-nostra-soddisfazione","status":"publish","type":"page","link":"https:\/\/www.partschillerhof.it\/it\/il-nostro-maso\/la-nostra-soddisfazione\/","title":{"rendered":"La nostra soddisfazione"},"content":{"rendered":"","protected":false},"excerpt":{"rendered":"","protected":false},"author":2,"featured_media":0,"parent":1015,"menu_order":50,"comment_status":"closed","ping_status":"closed","template":"","meta":{"_acf_changed":false,"footnotes":""},"class_list":["post-1026","page","type-page","status-publish","hentry"],"acf":[],"yoast_head":"<!-- This site is optimized with the Yoast SEO plugin v27.4 - https:\/\/yoast.com\/product\/yoast-seo-wordpress\/ -->\n<title>Soddisfazione per il raccolto limitato - maso Partschillerhof a Fi\u00e8 allo Sciliar<\/title>\n<meta name=\"description\" content=\"La quantit\u00e0 di raccolto \u00e8 limitata a 3 ettari di bacche ed \u00e8 gestibile in famiglia. Pertanto, diamo grande importanza alla qualit\u00e0.\" \/>\n<meta name=\"robots\" content=\"index, follow, max-snippet:-1, max-image-preview:large, max-video-preview:-1\" \/>\n<link rel=\"canonical\" href=\"https:\/\/www.partschillerhof.it\/it\/il-nostro-maso\/la-nostra-soddisfazione\/\" \/>\n<meta property=\"og:locale\" content=\"it_IT\" \/>\n<meta property=\"og:type\" content=\"article\" \/>\n<meta property=\"og:title\" content=\"Soddisfazione per il raccolto limitato - maso Partschillerhof a Fi\u00e8 allo Sciliar\" \/>\n<meta property=\"og:description\" content=\"La quantit\u00e0 di raccolto \u00e8 limitata a 3 ettari di bacche ed \u00e8 gestibile in famiglia. Pertanto, diamo grande importanza alla qualit\u00e0.\" \/>\n<meta property=\"og:url\" content=\"https:\/\/www.partschillerhof.it\/it\/il-nostro-maso\/la-nostra-soddisfazione\/\" \/>\n<meta property=\"og:site_name\" content=\"Partschillerhof - prodotti agricoli biologici a Fi\u00e8 allo Sciliar\" \/>\n<meta property=\"article:modified_time\" content=\"2022-03-07T20:29:02+00:00\" \/>\n<meta name=\"twitter:card\" content=\"summary_large_image\" \/>\n<script type=\"application\/ld+json\" class=\"yoast-schema-graph\">{\"@context\":\"https:\\\/\\\/schema.org\",\"@graph\":[{\"@type\":\"WebPage\",\"@id\":\"https:\\\/\\\/www.partschillerhof.it\\\/it\\\/il-nostro-maso\\\/la-nostra-soddisfazione\\\/\",\"url\":\"https:\\\/\\\/www.partschillerhof.it\\\/it\\\/il-nostro-maso\\\/la-nostra-soddisfazione\\\/\",\"name\":\"Soddisfazione per il raccolto limitato - maso Partschillerhof a Fi\u00e8 allo Sciliar\",\"isPartOf\":{\"@id\":\"https:\\\/\\\/www.partschillerhof.it\\\/it\\\/#website\"},\"datePublished\":\"2022-02-11T05:16:29+00:00\",\"dateModified\":\"2022-03-07T20:29:02+00:00\",\"description\":\"La quantit\u00e0 di raccolto \u00e8 limitata a 3 ettari di bacche ed \u00e8 gestibile in famiglia. Pertanto, diamo grande importanza alla qualit\u00e0.\",\"breadcrumb\":{\"@id\":\"https:\\\/\\\/www.partschillerhof.it\\\/it\\\/il-nostro-maso\\\/la-nostra-soddisfazione\\\/#breadcrumb\"},\"inLanguage\":\"it-IT\",\"potentialAction\":[{\"@type\":\"ReadAction\",\"target\":[\"https:\\\/\\\/www.partschillerhof.it\\\/it\\\/il-nostro-maso\\\/la-nostra-soddisfazione\\\/\"]}]},{\"@type\":\"BreadcrumbList\",\"@id\":\"https:\\\/\\\/www.partschillerhof.it\\\/it\\\/il-nostro-maso\\\/la-nostra-soddisfazione\\\/#breadcrumb\",\"itemListElement\":[{\"@type\":\"ListItem\",\"position\":1,\"name\":\"Il nostro maso\",\"item\":\"https:\\\/\\\/www.partschillerhof.it\\\/it\\\/il-nostro-maso\\\/\"},{\"@type\":\"ListItem\",\"position\":2,\"name\":\"La nostra soddisfazione\"}]},{\"@type\":\"WebSite\",\"@id\":\"https:\\\/\\\/www.partschillerhof.it\\\/it\\\/#website\",\"url\":\"https:\\\/\\\/www.partschillerhof.it\\\/it\\\/\",\"name\":\"Partschillerhof - prodotti agricoli biologici a Fi\u00e8 allo Sciliar\",\"description\":\"Marmellate, sciroppi, mostarde e altro\",\"potentialAction\":[{\"@type\":\"SearchAction\",\"target\":{\"@type\":\"EntryPoint\",\"urlTemplate\":\"https:\\\/\\\/www.partschillerhof.it\\\/it\\\/?s={search_term_string}\"},\"query-input\":{\"@type\":\"PropertyValueSpecification\",\"valueRequired\":true,\"valueName\":\"search_term_string\"}}],\"inLanguage\":\"it-IT\"}]}<\/script>\n<!-- \/ Yoast SEO plugin. -->","yoast_head_json":{"title":"Soddisfazione per il raccolto limitato - maso Partschillerhof a Fi\u00e8 allo Sciliar","description":"La quantit\u00e0 di raccolto \u00e8 limitata a 3 ettari di bacche ed \u00e8 gestibile in famiglia. Pertanto, diamo grande importanza alla qualit\u00e0.","robots":{"index":"index","follow":"follow","max-snippet":"max-snippet:-1","max-image-preview":"max-image-preview:large","max-video-preview":"max-video-preview:-1"},"canonical":"https:\/\/www.partschillerhof.it\/it\/il-nostro-maso\/la-nostra-soddisfazione\/","og_locale":"it_IT","og_type":"article","og_title":"Soddisfazione per il raccolto limitato - maso Partschillerhof a Fi\u00e8 allo Sciliar","og_description":"La quantit\u00e0 di raccolto \u00e8 limitata a 3 ettari di bacche ed \u00e8 gestibile in famiglia. Pertanto, diamo grande importanza alla qualit\u00e0.","og_url":"https:\/\/www.partschillerhof.it\/it\/il-nostro-maso\/la-nostra-soddisfazione\/","og_site_name":"Partschillerhof - prodotti agricoli biologici a Fi\u00e8 allo Sciliar","article_modified_time":"2022-03-07T20:29:02+00:00","twitter_card":"summary_large_image","schema":{"@context":"https:\/\/schema.org","@graph":[{"@type":"WebPage","@id":"https:\/\/www.partschillerhof.it\/it\/il-nostro-maso\/la-nostra-soddisfazione\/","url":"https:\/\/www.partschillerhof.it\/it\/il-nostro-maso\/la-nostra-soddisfazione\/","name":"Soddisfazione per il raccolto limitato - maso Partschillerhof a Fi\u00e8 allo Sciliar","isPartOf":{"@id":"https:\/\/www.partschillerhof.it\/it\/#website"},"datePublished":"2022-02-11T05:16:29+00:00","dateModified":"2022-03-07T20:29:02+00:00","description":"La quantit\u00e0 di raccolto \u00e8 limitata a 3 ettari di bacche ed \u00e8 gestibile in famiglia. Pertanto, diamo grande importanza alla qualit\u00e0.","breadcrumb":{"@id":"https:\/\/www.partschillerhof.it\/it\/il-nostro-maso\/la-nostra-soddisfazione\/#breadcrumb"},"inLanguage":"it-IT","potentialAction":[{"@type":"ReadAction","target":["https:\/\/www.partschillerhof.it\/it\/il-nostro-maso\/la-nostra-soddisfazione\/"]}]},{"@type":"BreadcrumbList","@id":"https:\/\/www.partschillerhof.it\/it\/il-nostro-maso\/la-nostra-soddisfazione\/#breadcrumb","itemListElement":[{"@type":"ListItem","position":1,"name":"Il nostro maso","item":"https:\/\/www.partschillerhof.it\/it\/il-nostro-maso\/"},{"@type":"ListItem","position":2,"name":"La nostra soddisfazione"}]},{"@type":"WebSite","@id":"https:\/\/www.partschillerhof.it\/it\/#website","url":"https:\/\/www.partschillerhof.it\/it\/","name":"Partschillerhof - prodotti agricoli biologici a Fi\u00e8 allo Sciliar","description":"Marmellate, sciroppi, mostarde e altro","potentialAction":[{"@type":"SearchAction","target":{"@type":"EntryPoint","urlTemplate":"https:\/\/www.partschillerhof.it\/it\/?s={search_term_string}"},"query-input":{"@type":"PropertyValueSpecification","valueRequired":true,"valueName":"search_term_string"}}],"inLanguage":"it-IT"}]}},"_links":{"self":[{"href":"https:\/\/www.partschillerhof.it\/it\/wp-json\/wp\/v2\/pages\/1026","targetHints":{"allow":["GET"]}}],"collection":[{"href":"https:\/\/www.partschillerhof.it\/it\/wp-json\/wp\/v2\/pages"}],"about":[{"href":"https:\/\/www.partschillerhof.it\/it\/wp-json\/wp\/v2\/types\/page"}],"author":[{"embeddable":true,"href":"https:\/\/www.partschillerhof.it\/it\/wp-json\/wp\/v2\/users\/2"}],"replies":[{"embeddable":true,"href":"https:\/\/www.partschillerhof.it\/it\/wp-json\/wp\/v2\/comments?post=1026"}],"version-history":[{"count":3,"href":"https:\/\/www.partschillerhof.it\/it\/wp-json\/wp\/v2\/pages\/1026\/revisions"}],"predecessor-version":[{"id":1105,"href":"https:\/\/www.partschillerhof.it\/it\/wp-json\/wp\/v2\/pages\/1026\/revisions\/1105"}],"up":[{"embeddable":true,"href":"https:\/\/www.partschillerhof.it\/it\/wp-json\/wp\/v2\/pages\/1015"}],"wp:attachment":[{"href":"https:\/\/www.partschillerhof.it\/it\/wp-json\/wp\/v2\/media?parent=1026"}],"curies":[{"name":"wp","href":"https:\/\/api.w.org\/{rel}","templated":true}]}}